{"id":204,"date":"2025-05-08T09:22:59","date_gmt":"2025-05-08T07:22:59","guid":{"rendered":"https:\/\/coursescolombiersoffranville.fr\/?page_id=204"},"modified":"2025-07-11T17:18:47","modified_gmt":"2025-07-11T15:18:47","slug":"le-rotary","status":"publish","type":"page","link":"https:\/\/coursescolombiersoffranville.fr\/index.php\/le-rotary\/","title":{"rendered":"Le Rotary"},"content":{"rendered":"\t\t<div data-elementor-type=\"wp-page\" data-elementor-id=\"204\" class=\"elementor elementor-204\">\n\t\t\t\t<div class=\"elementor-element elementor-element-25b5251 e-flex e-con-boxed e-con e-parent\" data-id=\"25b5251\" data-element_type=\"container\" data-e-type=\"container\">\n\t\t\t\t\t<div class=\"e-con-inner\">\n\t\t\t\t<div class=\"elementor-element elementor-element-f49de1e elementor-widget elementor-widget-spacer\" data-id=\"f49de1e\" data-element_type=\"widget\" data-e-type=\"widget\" data-widget_type=\"spacer.default\">\n\t\t\t\t<div class=\"elementor-widget-container\">\n\t\t\t\t\t\t\t<div class=\"elementor-spacer\">\n\t\t\t<div class=\"elementor-spacer-inner\"><\/div>\n\t\t<\/div>\n\t\t\t\t\t\t<\/div>\n\t\t\t\t<\/div>\n\t\t\t\t\t<\/div>\n\t\t\t\t<\/div>\n\t\t<div class=\"elementor-element elementor-element-de8913f e-flex e-con-boxed e-con e-parent\" data-id=\"de8913f\" data-element_type=\"container\" data-e-type=\"container\">\n\t\t\t\t\t<div class=\"e-con-inner\">\n\t\t\t\t<div class=\"elementor-element elementor-element-93f82ba elementor-widget elementor-widget-spacer\" data-id=\"93f82ba\" data-element_type=\"widget\" data-e-type=\"widget\" data-widget_type=\"spacer.default\">\n\t\t\t\t<div class=\"elementor-widget-container\">\n\t\t\t\t\t\t\t<div class=\"elementor-spacer\">\n\t\t\t<div class=\"elementor-spacer-inner\"><\/div>\n\t\t<\/div>\n\t\t\t\t\t\t<\/div>\n\t\t\t\t<\/div>\n\t\t\t\t<div class=\"elementor-element elementor-element-b669ac3 elementor-widget elementor-widget-image\" data-id=\"b669ac3\" data-element_type=\"widget\" data-e-type=\"widget\" data-widget_type=\"image.default\">\n\t\t\t\t<div class=\"elementor-widget-container\">\n\t\t\t\t\t\t\t\t\t\t\t\t\t\t\t<img decoding=\"async\" src=\"https:\/\/coursescolombiersoffranville.fr\/wp-content\/uploads\/2025\/06\/Logo_Rotary.jpg\" title=\"\" alt=\"\" loading=\"lazy\" \/>\t\t\t\t\t\t\t\t\t\t\t\t\t\t\t<\/div>\n\t\t\t\t<\/div>\n\t\t\t\t<div class=\"elementor-element elementor-element-c70a1d1 elementor-widget elementor-widget-heading\" data-id=\"c70a1d1\" data-element_type=\"widget\" data-e-type=\"widget\" data-widget_type=\"heading.default\">\n\t\t\t\t<div class=\"elementor-widget-container\">\n\t\t\t\t\t<h1 class=\"elementor-heading-title elementor-size-default\">\u00c0 propos du Rotary Club Dieppe C\u00f4te d'Alb\u00e2tre<\/h1>\t\t\t\t<\/div>\n\t\t\t\t<\/div>\n\t\t<div class=\"elementor-element elementor-element-cebef63 e-con-full e-grid e-con e-child\" data-id=\"cebef63\" data-element_type=\"container\" data-e-type=\"container\">\n\t\t\t\t<div class=\"elementor-element elementor-element-c3e6377 elementor-view-default elementor-widget elementor-widget-icon\" data-id=\"c3e6377\" data-element_type=\"widget\" data-e-type=\"widget\" data-widget_type=\"icon.default\">\n\t\t\t\t<div class=\"elementor-widget-container\">\n\t\t\t\t\t\t\t<div class=\"elementor-icon-wrapper\">\n\t\t\t<a class=\"elementor-icon\" href=\"https:\/\/www.facebook.com\/profile.php?id=100064805706557\" target=\"_blank\">\n\t\t\t<svg xmlns=\"http:\/\/www.w3.org\/2000\/svg\" width=\"256px\" height=\"256px\" viewBox=\"0 0 256 256\" preserveAspectRatio=\"xMidYMid\"><title>Facebook<\/title><g><path d=\"M256,128 C256,57.3075 198.6925,0 128,0 C57.3075,0 0,57.3075 0,128 C0,191.8885 46.80775,244.8425 108,254.445 L108,165 L75.5,165 L75.5,128 L108,128 L108,99.8 C108,67.72 127.1095,50 156.3475,50 C170.35175,50 185,52.5 185,52.5 L185,84 L168.8595,84 C152.95875,84 148,93.86675 148,103.98925 L148,128 L183.5,128 L177.825,165 L148,165 L148,254.445 C209.19225,244.8425 256,191.8885 256,128\" fill=\"#1877F2\"><\/path><path d=\"M177.825,165 L183.5,128 L148,128 L148,103.98925 C148,93.86675 152.95875,84 168.8595,84 L185,84 L185,52.5 C185,52.5 170.35175,50 156.3475,50 C127.1095,50 108,67.72 108,99.8 L108,128 L75.5,128 L75.5,165 L108,165 L108,254.445 C114.51675,255.4675 121.196,256 128,256 C134.804,256 141.48325,255.4675 148,254.445 L148,165 L177.825,165\" fill=\"#FFFFFF\"><\/path><\/g><\/svg>\t\t\t<\/a>\n\t\t<\/div>\n\t\t\t\t\t\t<\/div>\n\t\t\t\t<\/div>\n\t\t\t\t<div class=\"elementor-element elementor-element-9b11f3a elementor-view-default elementor-widget elementor-widget-icon\" data-id=\"9b11f3a\" data-element_type=\"widget\" data-e-type=\"widget\" data-widget_type=\"icon.default\">\n\t\t\t\t<div class=\"elementor-widget-container\">\n\t\t\t\t\t\t\t<div class=\"elementor-icon-wrapper\">\n\t\t\t<a class=\"elementor-icon\" href=\"https:\/\/www.instagram.com\/courses_colombiers_offranville\/\" target=\"_blank\">\n\t\t\t<svg xmlns=\"http:\/\/www.w3.org\/2000\/svg\" viewBox=\"0 0 48 48\" width=\"144px\" height=\"144px\"><radialGradient id=\"yOrnnhliCrdS2gy~4tD8ma\" cx=\"19.38\" cy=\"42.035\" r=\"44.899\" gradientUnits=\"userSpaceOnUse\"><stop offset=\"0\" stop-color=\"#fd5\"><\/stop><stop offset=\".328\" stop-color=\"#ff543f\"><\/stop><stop offset=\".348\" stop-color=\"#fc5245\"><\/stop><stop offset=\".504\" stop-color=\"#e64771\"><\/stop><stop offset=\".643\" stop-color=\"#d53e91\"><\/stop><stop offset=\".761\" stop-color=\"#cc39a4\"><\/stop><stop offset=\".841\" stop-color=\"#c837ab\"><\/stop><\/radialGradient><path fill=\"url(#yOrnnhliCrdS2gy~4tD8ma)\" d=\"M34.017,41.99l-20,0.019c-4.4,0.004-8.003-3.592-8.008-7.992l-0.019-20 c-0.004-4.4,3.592-8.003,7.992-8.008l20-0.019c4.4-0.004,8.003,3.592,8.008,7.992l0.019,20 C42.014,38.383,38.417,41.986,34.017,41.99z\"><\/path><radialGradient id=\"yOrnnhliCrdS2gy~4tD8mb\" cx=\"11.786\" cy=\"5.54\" r=\"29.813\" gradientTransform=\"matrix(1 0 0 .6663 0 1.849)\" gradientUnits=\"userSpaceOnUse\"><stop offset=\"0\" stop-color=\"#4168c9\"><\/stop><stop offset=\".999\" stop-color=\"#4168c9\" stop-opacity=\"0\"><\/stop><\/radialGradient><path fill=\"url(#yOrnnhliCrdS2gy~4tD8mb)\" d=\"M34.017,41.99l-20,0.019c-4.4,0.004-8.003-3.592-8.008-7.992l-0.019-20 c-0.004-4.4,3.592-8.003,7.992-8.008l20-0.019c4.4-0.004,8.003,3.592,8.008,7.992l0.019,20 C42.014,38.383,38.417,41.986,34.017,41.99z\"><\/path><path fill=\"#fff\" d=\"M24,31c-3.859,0-7-3.14-7-7s3.141-7,7-7s7,3.14,7,7S27.859,31,24,31z M24,19c-2.757,0-5,2.243-5,5 s2.243,5,5,5s5-2.243,5-5S26.757,19,24,19z\"><\/path><circle cx=\"31.5\" cy=\"16.5\" r=\"1.5\" fill=\"#fff\"><\/circle><path fill=\"#fff\" d=\"M30,37H18c-3.859,0-7-3.14-7-7V18c0-3.86,3.141-7,7-7h12c3.859,0,7,3.14,7,7v12 C37,33.86,33.859,37,30,37z M18,13c-2.757,0-5,2.243-5,5v12c0,2.757,2.243,5,5,5h12c2.757,0,5-2.243,5-5V18c0-2.757-2.243-5-5-5H18z\"><\/path><\/svg>\t\t\t<\/a>\n\t\t<\/div>\n\t\t\t\t\t\t<\/div>\n\t\t\t\t<\/div>\n\t\t\t\t<\/div>\n\t\t\t\t<div class=\"elementor-element elementor-element-04e12ea elementor-widget-divider--view-line elementor-widget elementor-widget-divider\" data-id=\"04e12ea\" data-element_type=\"widget\" data-e-type=\"widget\" data-widget_type=\"divider.default\">\n\t\t\t\t<div class=\"elementor-widget-container\">\n\t\t\t\t\t\t\t<div class=\"elementor-divider\">\n\t\t\t<span class=\"elementor-divider-separator\">\n\t\t\t\t\t\t<\/span>\n\t\t<\/div>\n\t\t\t\t\t\t<\/div>\n\t\t\t\t<\/div>\n\t\t\t\t<div class=\"elementor-element elementor-element-c641160 elementor-widget elementor-widget-text-editor\" data-id=\"c641160\" data-element_type=\"widget\" data-e-type=\"widget\" data-widget_type=\"text-editor.default\">\n\t\t\t\t<div class=\"elementor-widget-container\">\n\t\t\t\t\t\t\t\t\t<ul>\n<li><strong>Le Rotary International<\/strong>&nbsp;compte&nbsp;<strong>1.2 millions de membres<\/strong>&nbsp;r\u00e9partis dans&nbsp;<strong>35000 clubs<\/strong>&nbsp;dans plus de&nbsp;<strong>200 pays.<\/strong>&nbsp;C\u2019est un club services : il a pour objectif de&nbsp;<strong>cultiver l\u2019id\u00e9al de servir<\/strong>, mettre \u00e0 profit les relations et contacts pour&nbsp;<strong>servir l\u2019int\u00e9r\u00eat g\u00e9n\u00e9ral.<\/strong>&nbsp;C\u2019est la vision d\u2019un monde o\u00f9 les gens se&nbsp;<strong>rassemblent<\/strong>&nbsp;et passent \u00e0 l\u2019<strong>action<\/strong>&nbsp;pour apporter un&nbsp;<strong>changement durable.<\/strong>&nbsp;La devise du Rotary est&nbsp;<strong>\u00ab Servir d\u2019abord \u00bb<\/strong>&nbsp;qui exprime le&nbsp;<strong>b\u00e9n\u00e9volat d\u00e9sint\u00e9ress\u00e9.<\/strong><\/li>\n<\/ul>\n<div><b>&nbsp;<\/b><\/div>\n<ul>\n<li>Le Rotary mobilise ses membres sur&nbsp;<strong>7 axes strat\u00e9giques :&nbsp;<\/strong><strong>construction de la paix et pr\u00e9vention des conflits<\/strong>&nbsp;&#8211;&nbsp;<strong>pr\u00e9vention et traitement des maladies<\/strong>&nbsp;&#8211;&nbsp;<strong>Eau, assainissement et hygi\u00e8ne<\/strong>&nbsp;&#8211;&nbsp;<strong>Sant\u00e9 des m\u00e8res et des enfants&nbsp;<\/strong>&#8211;&nbsp;<strong>Alphab\u00e9tisation et \u00e9ducation de base<\/strong>&nbsp;&#8211;&nbsp;<strong>D\u00e9veloppement \u00e9conomique local<\/strong>&nbsp;\u2013&nbsp;<strong>Environnement.<\/strong><\/li>\n<\/ul>\n<div><b>&nbsp;<\/b><\/div>\n<ul>\n<li>Notre club&nbsp;<strong>Rotary Dieppe C\u00f4te d\u2019Alb\u00e2tre<\/strong>, association L1901 cr\u00e9\u00e9e en 1987, compte&nbsp;<strong>30 membres tous b\u00e9n\u00e9voles<\/strong>&nbsp;qui se r\u00e9unissent et d\u00e9cident de participer \u00e0 des&nbsp;<strong>actions nationales<\/strong>, comme par exemple la recherche sur les maladies du cerveau, ou la Banque alimentaire, ou de monter des&nbsp;<strong>actions locales<\/strong>&nbsp;en faveur par exemple du handicap, d\u2019enfants accident\u00e9s de la vie ou de la guerre, de la scolarisation d\u2019enfants burkinab\u00e9s, d\u2019\u00e9changes d\u2019\u00e9tudiants \u00e0 l\u2019international ou de prix \u00e0 de jeunes talents professionnels. Les recettes collect\u00e9es sont revers\u00e9es int\u00e9gralement et directement aux b\u00e9n\u00e9ficiaires des actions.<\/li>\n<\/ul>\n<div>&nbsp;<\/div>\n<ul>\n<li>Nous avons choisi d\u2019organiser les&nbsp;<strong>\u00ab Courses des Colombiers d\u2019Offranville \u00bb<\/strong>&nbsp;pour associer la&nbsp;<strong>dimension caritative&nbsp;<\/strong>\u00e0 un \u00e9v\u00e8nement sportif. L\u2019id\u00e9e que des personnes bien portantes, adultes et enfants, courent pour aller jusqu\u2019au bout de la course, tout en contribuant \u00e0&nbsp;<strong>am\u00e9liorer la vie d\u2019un enfant handicap\u00e9<\/strong>, r\u00e9pond \u00e0 notre engagement rotarien d&rsquo;\u00eatre <b>unis<\/b>&nbsp;<strong>pour faire le bien et servir .<\/strong><\/li>\n<\/ul>\t\t\t\t\t\t\t\t<\/div>\n\t\t\t\t<\/div>\n\t\t\t\t\t<\/div>\n\t\t\t\t<\/div>\n\t\t\t\t<\/div>\n\t\t","protected":false},"excerpt":{"rendered":"<p>\u00c0 propos du Rotary Club Dieppe C\u00f4te d&rsquo;Alb\u00e2tre Facebook Le Rotary International&nbsp;compte&nbsp;1.2 millions de membres&nbsp;r\u00e9partis dans&nbsp;35000 clubs&nbsp;dans plus de&nbsp;200 pays.&nbsp;C\u2019est un club services : il a pour objectif de&nbsp;cultiver l\u2019id\u00e9al de servir, mettre \u00e0 profit les relations et contacts pour&nbsp;servir l\u2019int\u00e9r\u00eat g\u00e9n\u00e9ral.&nbsp;C\u2019est la vision d\u2019un monde o\u00f9 les gens se&nbsp;rassemblent&nbsp;et passent \u00e0 l\u2019action&nbsp;pour apporter un&nbsp;changement [&hellip;]<\/p>\n","protected":false},"author":1,"featured_media":0,"parent":0,"menu_order":0,"comment_status":"closed","ping_status":"closed","template":"","meta":{"footnotes":""},"class_list":["post-204","page","type-page","status-publish","hentry"],"_links":{"self":[{"href":"https:\/\/coursescolombiersoffranville.fr\/index.php\/wp-json\/wp\/v2\/pages\/204","targetHints":{"allow":["GET"]}}],"collection":[{"href":"https:\/\/coursescolombiersoffranville.fr\/index.php\/wp-json\/wp\/v2\/pages"}],"about":[{"href":"https:\/\/coursescolombiersoffranville.fr\/index.php\/wp-json\/wp\/v2\/types\/page"}],"author":[{"embeddable":true,"href":"https:\/\/coursescolombiersoffranville.fr\/index.php\/wp-json\/wp\/v2\/users\/1"}],"replies":[{"embeddable":true,"href":"https:\/\/coursescolombiersoffranville.fr\/index.php\/wp-json\/wp\/v2\/comments?post=204"}],"version-history":[{"count":34,"href":"https:\/\/coursescolombiersoffranville.fr\/index.php\/wp-json\/wp\/v2\/pages\/204\/revisions"}],"predecessor-version":[{"id":545,"href":"https:\/\/coursescolombiersoffranville.fr\/index.php\/wp-json\/wp\/v2\/pages\/204\/revisions\/545"}],"wp:attachment":[{"href":"https:\/\/coursescolombiersoffranville.fr\/index.php\/wp-json\/wp\/v2\/media?parent=204"}],"curies":[{"name":"wp","href":"https:\/\/api.w.org\/{rel}","templated":true}]}}