{"id":147,"date":"2025-05-08T08:53:44","date_gmt":"2025-05-08T06:53:44","guid":{"rendered":"https:\/\/coursescolombiersoffranville.fr\/?page_id=147"},"modified":"2025-10-12T17:46:02","modified_gmt":"2025-10-12T15:46:02","slug":"les-courses","status":"publish","type":"page","link":"https:\/\/coursescolombiersoffranville.fr\/index.php\/les-courses\/","title":{"rendered":"Les courses"},"content":{"rendered":"\t\t<div data-elementor-type=\"wp-page\" data-elementor-id=\"147\" class=\"elementor elementor-147\">\n\t\t\t\t<div class=\"elementor-element elementor-element-723e257 e-flex e-con-boxed e-con e-parent\" data-id=\"723e257\" data-element_type=\"container\" data-e-type=\"container\">\n\t\t\t\t\t<div class=\"e-con-inner\">\n\t\t\t\t<div class=\"elementor-element elementor-element-2055349 elementor-widget elementor-widget-spacer\" data-id=\"2055349\" data-element_type=\"widget\" data-e-type=\"widget\" data-widget_type=\"spacer.default\">\n\t\t\t\t<div class=\"elementor-widget-container\">\n\t\t\t\t\t\t\t<div class=\"elementor-spacer\">\n\t\t\t<div class=\"elementor-spacer-inner\"><\/div>\n\t\t<\/div>\n\t\t\t\t\t\t<\/div>\n\t\t\t\t<\/div>\n\t\t\t\t\t<\/div>\n\t\t\t\t<\/div>\n\t\t<div class=\"elementor-element elementor-element-cfe39a0 e-flex e-con-boxed e-con e-parent\" data-id=\"cfe39a0\" data-element_type=\"container\" data-e-type=\"container\">\n\t\t\t\t\t<div class=\"e-con-inner\">\n\t\t\t\t<div class=\"elementor-element elementor-element-428f723 elementor-widget elementor-widget-spacer\" data-id=\"428f723\" data-element_type=\"widget\" data-e-type=\"widget\" data-widget_type=\"spacer.default\">\n\t\t\t\t<div class=\"elementor-widget-container\">\n\t\t\t\t\t\t\t<div class=\"elementor-spacer\">\n\t\t\t<div class=\"elementor-spacer-inner\"><\/div>\n\t\t<\/div>\n\t\t\t\t\t\t<\/div>\n\t\t\t\t<\/div>\n\t\t\t\t\t<\/div>\n\t\t\t\t<\/div>\n\t\t<div class=\"elementor-element elementor-element-47e8688 e-flex e-con-boxed e-con e-parent\" data-id=\"47e8688\" data-element_type=\"container\" data-e-type=\"container\">\n\t\t\t\t\t<div class=\"e-con-inner\">\n\t\t\t\t<div class=\"elementor-element elementor-element-93995a4 elementor-widget elementor-widget-heading\" data-id=\"93995a4\" data-element_type=\"widget\" data-e-type=\"widget\" data-widget_type=\"heading.default\">\n\t\t\t\t<div class=\"elementor-widget-container\">\n\t\t\t\t\t<h1 class=\"elementor-heading-title elementor-size-default\">Les courses<\/h1>\t\t\t\t<\/div>\n\t\t\t\t<\/div>\n\t\t\t\t<div class=\"elementor-element elementor-element-9b9d8a2 elementor-widget-divider--view-line elementor-widget elementor-widget-divider\" data-id=\"9b9d8a2\" data-element_type=\"widget\" data-e-type=\"widget\" data-widget_type=\"divider.default\">\n\t\t\t\t<div class=\"elementor-widget-container\">\n\t\t\t\t\t\t\t<div class=\"elementor-divider\">\n\t\t\t<span class=\"elementor-divider-separator\">\n\t\t\t\t\t\t<\/span>\n\t\t<\/div>\n\t\t\t\t\t\t<\/div>\n\t\t\t\t<\/div>\n\t\t\t\t\t<\/div>\n\t\t\t\t<\/div>\n\t\t<div class=\"elementor-element elementor-element-da634ee e-flex e-con-boxed e-con e-parent\" data-id=\"da634ee\" data-element_type=\"container\" data-e-type=\"container\" data-settings=\"{&quot;background_background&quot;:&quot;classic&quot;}\">\n\t\t\t\t\t<div class=\"e-con-inner\">\n\t\t\t\t<div class=\"elementor-element elementor-element-9849f60 elementor-widget elementor-widget-heading\" data-id=\"9849f60\" data-element_type=\"widget\" data-e-type=\"widget\" data-widget_type=\"heading.default\">\n\t\t\t\t<div class=\"elementor-widget-container\">\n\t\t\t\t\t<h2 class=\"elementor-heading-title elementor-size-default\">Les parcours<\/h2>\t\t\t\t<\/div>\n\t\t\t\t<\/div>\n\t\t<div class=\"elementor-element elementor-element-9962f20 e-grid e-con-full e-con e-child\" data-id=\"9962f20\" data-element_type=\"container\" data-e-type=\"container\">\n\t\t\t\t<div class=\"elementor-element elementor-element-589facb elementor-widget elementor-widget-image\" data-id=\"589facb\" data-element_type=\"widget\" data-e-type=\"widget\" data-widget_type=\"image.default\">\n\t\t\t\t<div class=\"elementor-widget-container\">\n\t\t\t\t\t\t\t\t\t\t\t\t\t\t\t\t<a href=\"https:\/\/coursescolombiersoffranville.fr\/wp-content\/uploads\/2025\/10\/Capture-decran-2025-10-12-a-17.43.24.png\" data-elementor-open-lightbox=\"yes\" data-elementor-lightbox-title=\"Capture d\u2019e\u0301cran 2025-10-12 a\u0300 17.43.24\" data-e-action-hash=\"#elementor-action%3Aaction%3Dlightbox%26settings%3DeyJpZCI6NjQ5LCJ1cmwiOiJodHRwczpcL1wvY291cnNlc2NvbG9tYmllcnNvZmZyYW52aWxsZS5mclwvd3AtY29udGVudFwvdXBsb2Fkc1wvMjAyNVwvMTBcL0NhcHR1cmUtZGVjcmFuLTIwMjUtMTAtMTItYS0xNy40My4yNC5wbmcifQ%3D%3D\">\n\t\t\t\t\t\t\t<img fetchpriority=\"high\" decoding=\"async\" width=\"800\" height=\"595\" src=\"https:\/\/coursescolombiersoffranville.fr\/wp-content\/uploads\/2025\/10\/Capture-decran-2025-10-12-a-17.43.24-1024x761.png\" class=\"attachment-large size-large wp-image-649\" alt=\"Parcours 2025 course des 10km et marche rapide ainsi que randonn\u00e9e\" srcset=\"https:\/\/coursescolombiersoffranville.fr\/wp-content\/uploads\/2025\/10\/Capture-decran-2025-10-12-a-17.43.24-1024x761.png 1024w, https:\/\/coursescolombiersoffranville.fr\/wp-content\/uploads\/2025\/10\/Capture-decran-2025-10-12-a-17.43.24-300x223.png 300w, https:\/\/coursescolombiersoffranville.fr\/wp-content\/uploads\/2025\/10\/Capture-decran-2025-10-12-a-17.43.24-768x571.png 768w, https:\/\/coursescolombiersoffranville.fr\/wp-content\/uploads\/2025\/10\/Capture-decran-2025-10-12-a-17.43.24-1536x1142.png 1536w, https:\/\/coursescolombiersoffranville.fr\/wp-content\/uploads\/2025\/10\/Capture-decran-2025-10-12-a-17.43.24.png 2012w\" sizes=\"(max-width: 800px) 100vw, 800px\" \/>\t\t\t\t\t\t\t\t<\/a>\n\t\t\t\t\t\t\t\t\t\t\t\t\t\t\t<\/div>\n\t\t\t\t<\/div>\n\t\t\t\t<div class=\"elementor-element elementor-element-9640929 elementor-widget elementor-widget-image\" data-id=\"9640929\" data-element_type=\"widget\" data-e-type=\"widget\" data-widget_type=\"image.default\">\n\t\t\t\t<div class=\"elementor-widget-container\">\n\t\t\t\t\t\t\t\t\t\t\t\t\t\t\t\t<a href=\"https:\/\/coursescolombiersoffranville.fr\/wp-content\/uploads\/2025\/10\/Capture-decran-2025-10-12-a-17.43.40.png\" data-elementor-open-lightbox=\"yes\" data-elementor-lightbox-title=\"Capture d\u2019e\u0301cran 2025-10-12 a\u0300 17.43.40\" data-e-action-hash=\"#elementor-action%3Aaction%3Dlightbox%26settings%3DeyJpZCI6NjUwLCJ1cmwiOiJodHRwczpcL1wvY291cnNlc2NvbG9tYmllcnNvZmZyYW52aWxsZS5mclwvd3AtY29udGVudFwvdXBsb2Fkc1wvMjAyNVwvMTBcL0NhcHR1cmUtZGVjcmFuLTIwMjUtMTAtMTItYS0xNy40My40MC5wbmcifQ%3D%3D\">\n\t\t\t\t\t\t\t<img decoding=\"async\" width=\"800\" height=\"967\" src=\"https:\/\/coursescolombiersoffranville.fr\/wp-content\/uploads\/2025\/10\/Capture-decran-2025-10-12-a-17.43.40-847x1024.png\" class=\"attachment-large size-large wp-image-650\" alt=\"Parcours des 10km, parcours enfants et randonn\u00e9es\" srcset=\"https:\/\/coursescolombiersoffranville.fr\/wp-content\/uploads\/2025\/10\/Capture-decran-2025-10-12-a-17.43.40-847x1024.png 847w, https:\/\/coursescolombiersoffranville.fr\/wp-content\/uploads\/2025\/10\/Capture-decran-2025-10-12-a-17.43.40-248x300.png 248w, https:\/\/coursescolombiersoffranville.fr\/wp-content\/uploads\/2025\/10\/Capture-decran-2025-10-12-a-17.43.40-768x928.png 768w, https:\/\/coursescolombiersoffranville.fr\/wp-content\/uploads\/2025\/10\/Capture-decran-2025-10-12-a-17.43.40.png 1034w\" sizes=\"(max-width: 800px) 100vw, 800px\" \/>\t\t\t\t\t\t\t\t<\/a>\n\t\t\t\t\t\t\t\t\t\t\t\t\t\t\t<\/div>\n\t\t\t\t<\/div>\n\t\t\t\t<\/div>\n\t\t\t\t\t<\/div>\n\t\t\t\t<\/div>\n\t\t<div class=\"elementor-element elementor-element-e01ae37 e-flex e-con-boxed e-con e-parent\" data-id=\"e01ae37\" data-element_type=\"container\" data-e-type=\"container\">\n\t\t\t\t\t<div class=\"e-con-inner\">\n\t\t\t\t<div class=\"elementor-element elementor-element-a35cef5 elementor-widget-divider--view-line elementor-widget elementor-widget-divider\" data-id=\"a35cef5\" data-element_type=\"widget\" data-e-type=\"widget\" data-widget_type=\"divider.default\">\n\t\t\t\t<div class=\"elementor-widget-container\">\n\t\t\t\t\t\t\t<div class=\"elementor-divider\">\n\t\t\t<span class=\"elementor-divider-separator\">\n\t\t\t\t\t\t<\/span>\n\t\t<\/div>\n\t\t\t\t\t\t<\/div>\n\t\t\t\t<\/div>\n\t\t\t\t<div class=\"elementor-element elementor-element-f13161f elementor-widget elementor-widget-heading\" data-id=\"f13161f\" data-element_type=\"widget\" data-e-type=\"widget\" data-widget_type=\"heading.default\">\n\t\t\t\t<div class=\"elementor-widget-container\">\n\t\t\t\t\t<h2 class=\"elementor-heading-title elementor-size-default\">Les horaires<\/h2>\t\t\t\t<\/div>\n\t\t\t\t<\/div>\n\t\t\t\t<div class=\"elementor-element elementor-element-8f73070 elementor-widget elementor-widget-text-editor\" data-id=\"8f73070\" data-element_type=\"widget\" data-e-type=\"widget\" data-widget_type=\"text-editor.default\">\n\t\t\t\t<div class=\"elementor-widget-container\">\n\t\t\t\t\t\t\t\t\t<p><strong>La manifestation comportera les \u00e9preuves suivantes :<\/strong><br \/>o\u00a0<strong>9h Course chronom\u00e9tr\u00e9e poussins<\/strong> \u2022 n\u00e9(e)s en 2015 \u2013 2016 (1km)<br \/>o\u00a0<strong>9h15 Course chronom\u00e9tr\u00e9e benjamins<\/strong> \u2022 n\u00e9(e)s en 2013 \u2013 2014 (1,8km)<br \/>o\u00a0<strong>9h30 Course chronom\u00e9tr\u00e9e minimes<\/strong> \u2022 n\u00e9(e)s en 2011 \u2013 2012 (2,5km)<br \/>o\u00a0<strong>9h30 Randonn\u00e9e non-chronom\u00e9tr\u00e9e<\/strong> \u2022 aux plus de 8 ans (8,3km)<br \/>o\u00a0<strong>10h Course chronom\u00e9tr\u00e9e adultes\u00a0<\/strong>\u2022 n\u00e9(e)s avant 2011 (10km)<br \/>o\u00a0<strong>10h15 Marche rapide adultes\u00a0<\/strong>\u2022 n\u00e9(e)s avant 2011 (10km)<\/p>\t\t\t\t\t\t\t\t<\/div>\n\t\t\t\t<\/div>\n\t\t\t\t\t<\/div>\n\t\t\t\t<\/div>\n\t\t<div class=\"elementor-element elementor-element-c8858fe e-flex e-con-boxed e-con e-parent\" data-id=\"c8858fe\" data-element_type=\"container\" data-e-type=\"container\">\n\t\t\t\t\t<div class=\"e-con-inner\">\n\t\t\t\t<div class=\"elementor-element elementor-element-d6e519a elementor-widget-divider--view-line elementor-widget elementor-widget-divider\" data-id=\"d6e519a\" data-element_type=\"widget\" data-e-type=\"widget\" data-widget_type=\"divider.default\">\n\t\t\t\t<div class=\"elementor-widget-container\">\n\t\t\t\t\t\t\t<div class=\"elementor-divider\">\n\t\t\t<span class=\"elementor-divider-separator\">\n\t\t\t\t\t\t<\/span>\n\t\t<\/div>\n\t\t\t\t\t\t<\/div>\n\t\t\t\t<\/div>\n\t\t\t\t<div class=\"elementor-element elementor-element-c894614 elementor-widget elementor-widget-heading\" data-id=\"c894614\" data-element_type=\"widget\" data-e-type=\"widget\" data-widget_type=\"heading.default\">\n\t\t\t\t<div class=\"elementor-widget-container\">\n\t\t\t\t\t<h2 class=\"elementor-heading-title elementor-size-default\">Le r\u00e9glement<\/h2>\t\t\t\t<\/div>\n\t\t\t\t<\/div>\n\t\t\t\t<div class=\"elementor-element elementor-element-44141bc elementor-align-left elementor-widget elementor-widget-button\" data-id=\"44141bc\" data-element_type=\"widget\" data-e-type=\"widget\" data-widget_type=\"button.default\">\n\t\t\t\t<div class=\"elementor-widget-container\">\n\t\t\t\t\t\t\t\t\t<div class=\"elementor-button-wrapper\">\n\t\t\t\t\t<a class=\"elementor-button elementor-button-link elementor-size-sm\" href=\"https:\/\/coursescolombiersoffranville.fr\/wp-content\/uploads\/2025\/06\/2025-Reglement-de-la-Course-des-Colombiers-dOffranville-MaJ-du-29.04.25.pdf\" target=\"_blank\">\n\t\t\t\t\t\t<span class=\"elementor-button-content-wrapper\">\n\t\t\t\t\t\t\t\t\t<span class=\"elementor-button-text\">Consulter le r\u00e8glement<\/span>\n\t\t\t\t\t<\/span>\n\t\t\t\t\t<\/a>\n\t\t\t\t<\/div>\n\t\t\t\t\t\t\t\t<\/div>\n\t\t\t\t<\/div>\n\t\t\t\t\t<\/div>\n\t\t\t\t<\/div>\n\t\t\t\t<\/div>\n\t\t","protected":false},"excerpt":{"rendered":"<p>Les courses Les parcours Les horaires La manifestation comportera les \u00e9preuves suivantes \ud83d\ude2e\u00a09h Course chronom\u00e9tr\u00e9e poussins \u2022 n\u00e9(e)s en 2015 \u2013 2016 (1km)o\u00a09h15 Course chronom\u00e9tr\u00e9e benjamins \u2022 n\u00e9(e)s en 2013 \u2013 2014 (1,8km)o\u00a09h30 Course chronom\u00e9tr\u00e9e minimes \u2022 n\u00e9(e)s en 2011 \u2013 2012 (2,5km)o\u00a09h30 Randonn\u00e9e non-chronom\u00e9tr\u00e9e \u2022 aux plus de 8 ans (8,3km)o\u00a010h Course chronom\u00e9tr\u00e9e adultes\u00a0\u2022 [&hellip;]<\/p>\n","protected":false},"author":1,"featured_media":0,"parent":0,"menu_order":0,"comment_status":"closed","ping_status":"closed","template":"","meta":{"footnotes":""},"class_list":["post-147","page","type-page","status-publish","hentry"],"_links":{"self":[{"href":"https:\/\/coursescolombiersoffranville.fr\/index.php\/wp-json\/wp\/v2\/pages\/147","targetHints":{"allow":["GET"]}}],"collection":[{"href":"https:\/\/coursescolombiersoffranville.fr\/index.php\/wp-json\/wp\/v2\/pages"}],"about":[{"href":"https:\/\/coursescolombiersoffranville.fr\/index.php\/wp-json\/wp\/v2\/types\/page"}],"author":[{"embeddable":true,"href":"https:\/\/coursescolombiersoffranville.fr\/index.php\/wp-json\/wp\/v2\/users\/1"}],"replies":[{"embeddable":true,"href":"https:\/\/coursescolombiersoffranville.fr\/index.php\/wp-json\/wp\/v2\/comments?post=147"}],"version-history":[{"count":64,"href":"https:\/\/coursescolombiersoffranville.fr\/index.php\/wp-json\/wp\/v2\/pages\/147\/revisions"}],"predecessor-version":[{"id":653,"href":"https:\/\/coursescolombiersoffranville.fr\/index.php\/wp-json\/wp\/v2\/pages\/147\/revisions\/653"}],"wp:attachment":[{"href":"https:\/\/coursescolombiersoffranville.fr\/index.php\/wp-json\/wp\/v2\/media?parent=147"}],"curies":[{"name":"wp","href":"https:\/\/api.w.org\/{rel}","templated":true}]}}