{"id":122,"date":"2025-04-28T19:33:58","date_gmt":"2025-04-28T17:33:58","guid":{"rendered":"https:\/\/coursescolombiersoffranville.fr\/?page_id=122"},"modified":"2025-11-30T13:13:26","modified_gmt":"2025-11-30T12:13:26","slug":"inscriptions","status":"publish","type":"page","link":"https:\/\/coursescolombiersoffranville.fr\/index.php\/inscriptions\/","title":{"rendered":"R\u00e8glement &#038; Inscriptions"},"content":{"rendered":"\t\t<div data-elementor-type=\"wp-page\" data-elementor-id=\"122\" class=\"elementor elementor-122\">\n\t\t\t\t<div class=\"elementor-element elementor-element-1497d1c e-flex e-con-boxed e-con e-parent\" data-id=\"1497d1c\" data-element_type=\"container\" data-e-type=\"container\">\n\t\t\t\t\t<div class=\"e-con-inner\">\n\t\t\t\t<div class=\"elementor-element elementor-element-fc5c879 elementor-widget elementor-widget-spacer\" data-id=\"fc5c879\" data-element_type=\"widget\" data-e-type=\"widget\" data-widget_type=\"spacer.default\">\n\t\t\t\t<div class=\"elementor-widget-container\">\n\t\t\t\t\t\t\t<div class=\"elementor-spacer\">\n\t\t\t<div class=\"elementor-spacer-inner\"><\/div>\n\t\t<\/div>\n\t\t\t\t\t\t<\/div>\n\t\t\t\t<\/div>\n\t\t\t\t<div class=\"elementor-element elementor-element-b51f272 elementor-widget elementor-widget-spacer\" data-id=\"b51f272\" data-element_type=\"widget\" data-e-type=\"widget\" data-widget_type=\"spacer.default\">\n\t\t\t\t<div class=\"elementor-widget-container\">\n\t\t\t\t\t\t\t<div class=\"elementor-spacer\">\n\t\t\t<div class=\"elementor-spacer-inner\"><\/div>\n\t\t<\/div>\n\t\t\t\t\t\t<\/div>\n\t\t\t\t<\/div>\n\t\t\t\t<div class=\"elementor-element elementor-element-0226e14 elementor-widget elementor-widget-heading\" data-id=\"0226e14\" data-element_type=\"widget\" data-e-type=\"widget\" data-widget_type=\"heading.default\">\n\t\t\t\t<div class=\"elementor-widget-container\">\n\t\t\t\t\t<h1 class=\"elementor-heading-title elementor-size-default\">R\u00e8glement et inscriptions<\/h1>\t\t\t\t<\/div>\n\t\t\t\t<\/div>\n\t\t\t\t<div class=\"elementor-element elementor-element-a139d5b elementor-widget elementor-widget-heading\" data-id=\"a139d5b\" data-element_type=\"widget\" data-e-type=\"widget\" data-widget_type=\"heading.default\">\n\t\t\t\t<div class=\"elementor-widget-container\">\n\t\t\t\t\t<p class=\"elementor-heading-title elementor-size-default\">Le RETRAIT des dossards se fait au gymnase, rue de l'\u00c9pine le samedi 29  apr\u00e8s-midi de 15h00 \u00e0 18h00 et le dimanche \u00e0 partir de 8h.<\/p>\t\t\t\t<\/div>\n\t\t\t\t<\/div>\n\t\t\t\t<div class=\"elementor-element elementor-element-e4ec86a elementor-widget elementor-widget-text-editor\" data-id=\"e4ec86a\" data-element_type=\"widget\" data-e-type=\"widget\" data-widget_type=\"text-editor.default\">\n\t\t\t\t<div class=\"elementor-widget-container\">\n\t\t\t\t\t\t\t\t\tLes inscriptions se font uniquement sur le site <a style=\"color: #F7A81B;\" href=\"https:\/\/colombiers-offranville-2025.onsinscrit.com\/accueil.php\">onsinscrit.com<\/a> accessible \u00e0 partir du site internet de l&rsquo;\u00e9v\u00e8nement\u00a0<a style=\"color: #F7A81B; background-color: #ffffff;\" href=\"https:\/\/inscriptions.onsinscrit.com\/2022\/colombiers-offranville\/\" target=\"blank\"><u>www.coursescolombiersoffranville.fr<\/u><\/a><span style=\"font-size: 1rem;\">.<\/span>\t\t\t\t\t\t\t\t<\/div>\n\t\t\t\t<\/div>\n\t\t\t\t<div class=\"elementor-element elementor-element-0e18b6e elementor-widget-divider--view-line elementor-widget elementor-widget-divider\" data-id=\"0e18b6e\" data-element_type=\"widget\" data-e-type=\"widget\" data-widget_type=\"divider.default\">\n\t\t\t\t<div class=\"elementor-widget-container\">\n\t\t\t\t\t\t\t<div class=\"elementor-divider\">\n\t\t\t<span class=\"elementor-divider-separator\">\n\t\t\t\t\t\t<\/span>\n\t\t<\/div>\n\t\t\t\t\t\t<\/div>\n\t\t\t\t<\/div>\n\t\t\t\t<div class=\"elementor-element elementor-element-452576a elementor-widget elementor-widget-heading\" data-id=\"452576a\" data-element_type=\"widget\" data-e-type=\"widget\" data-widget_type=\"heading.default\">\n\t\t\t\t<div class=\"elementor-widget-container\">\n\t\t\t\t\t<h2 class=\"elementor-heading-title elementor-size-default\">Dates inscriptions :<\/h2>\t\t\t\t<\/div>\n\t\t\t\t<\/div>\n\t\t\t\t<div class=\"elementor-element elementor-element-d98ec0f elementor-widget elementor-widget-text-editor\" data-id=\"d98ec0f\" data-element_type=\"widget\" data-e-type=\"widget\" data-widget_type=\"text-editor.default\">\n\t\t\t\t<div class=\"elementor-widget-container\">\n\t\t\t\t\t\t\t\t\t<p><span style=\"font-family: Arial, Helvetica, sans-serif; font-size: 18.6667px;\"><strong>\u2022<\/strong> <\/span><span style=\"font-family: Arial, Helvetica, sans-serif; font-size: 18.6667px;\"><strong>COUREURS, MARCHEURS RAPIDES et RANDONNEURS ADULTES :<\/strong><br \/>Les inscriptions seront possibles sur le site internet jusqu&rsquo;au <strong>vendredi 28 novembre \u00e0 18H00<\/strong>. <\/span><\/p><p><br style=\"font-family: Arial, Helvetica, sans-serif; font-size: 18.6667px;\" \/><span style=\"font-family: Arial, Helvetica, sans-serif; font-size: 18.6667px;\"><strong>\u2022 COUREURS ENFANTS : <\/strong><br \/>Les inscriptions seront possibles sur site internet jusqu\u2019au <strong>vendredi 28 novembre \u00e0 18h00<\/strong> et <strong>sur place rue de l\u2019Epine<\/strong>, le <strong>samedi 29 novembre entre 15h00<\/strong> et <strong>18h00<\/strong> ainsi que le <strong>dimanche 30 novembre jusqu\u2019\u00e0 8h30.<\/strong><\/span><\/p>\t\t\t\t\t\t\t\t<\/div>\n\t\t\t\t<\/div>\n\t\t\t\t<div class=\"elementor-element elementor-element-484c8c1 elementor-widget-divider--view-line elementor-widget elementor-widget-divider\" data-id=\"484c8c1\" data-element_type=\"widget\" data-e-type=\"widget\" data-widget_type=\"divider.default\">\n\t\t\t\t<div class=\"elementor-widget-container\">\n\t\t\t\t\t\t\t<div class=\"elementor-divider\">\n\t\t\t<span class=\"elementor-divider-separator\">\n\t\t\t\t\t\t<\/span>\n\t\t<\/div>\n\t\t\t\t\t\t<\/div>\n\t\t\t\t<\/div>\n\t\t\t\t<div class=\"elementor-element elementor-element-3fa7d45 elementor-widget elementor-widget-heading\" data-id=\"3fa7d45\" data-element_type=\"widget\" data-e-type=\"widget\" data-widget_type=\"heading.default\">\n\t\t\t\t<div class=\"elementor-widget-container\">\n\t\t\t\t\t<h2 class=\"elementor-heading-title elementor-size-default\">Droits d'engagements : <\/h2>\t\t\t\t<\/div>\n\t\t\t\t<\/div>\n\t\t\t\t<div class=\"elementor-element elementor-element-f058333 elementor-widget elementor-widget-text-editor\" data-id=\"f058333\" data-element_type=\"widget\" data-e-type=\"widget\" data-widget_type=\"text-editor.default\">\n\t\t\t\t<div class=\"elementor-widget-container\">\n\t\t\t\t\t\t\t\t\t<p>\u2022&nbsp;<strong>Courses enfants (Poussins, Benjamins, Minimes)<\/strong> : Attention limit\u00e9 \u00e0 100 pour l&rsquo;ensemble des 3 courses<\/p>\n<p>&#8211;&gt; <span style=\"background-color: transparent;\">Inscription individuelle : gratuit<\/span><\/p>\n<p>\u2022&nbsp;<strong>Course 10km (Adultes n\u00e9s avant 2011)&nbsp;<\/strong>: Attention limit\u00e9 \u00e0 1000 participants<\/p>\n<p>&#8211;&gt; Inscription individuelle : 12\u20ac (frais de dossier inclus)&nbsp;<\/p>\n<p>&#8211;&gt; Inscription en groupe d\u00e8s 10 participants : 10\u20ac (frais de dossier inclus)<\/p>\n<p>\u2022 <b>M<\/b><span style=\"font-weight: bolder;\">arche rapide 10km (Adultes n\u00e9s avant 2011)&nbsp;<\/span>: Attention limit\u00e9 \u00e0 150 participants<\/p>\n<p>&#8211;&gt; Inscription individuelle : 12\u20ac (frais de dossier inclus)&nbsp;<\/p>\n<p>&#8211;&gt; Inscription en groupe d\u00e8s 10 participants : 10\u20ac (frais de dossier inclus)<\/p>\n<p>\u2022&nbsp;<strong>Randonn\u00e9e non-chronom\u00e9tr\u00e9e : <\/strong>Attention limit\u00e9 \u00e0 250 participants&nbsp;<\/p>\n<p>&#8211;&gt; Avant 8 ans le jour de l\u2019\u00e9v\u00e8nement&nbsp;: Pas d\u2019inscription possible<\/p>\n<p>&#8211;&gt; Ag\u00e9 de moins de 15 ans le jour de l\u2019\u00e9v\u00e8nement :&nbsp;Gratuit<\/p>\n<p>&#8211;&gt; 15&nbsp; ans et plus : 8\u20ac (frais de dossier inclus)<\/p>\n<p>Le paiement sera effectu\u00e9 par&nbsp;<strong>carte bancaire au moyen du site de paiement s\u00e9curis\u00e9<\/strong>&nbsp;mis en ligne sur&nbsp;<a style=\"background-color: #ffffff;\" href=\"https:\/\/inscriptions.onsinscrit.com\/2022\/colombiers-offranville\/\" target=\"blank\"><u>www.coursescolombiersoffranville.fr<\/u><\/a>.<\/p>\n<p>Il ne peut faire l&rsquo;objet de remboursement pour quelque motif que ce soit.<\/p>\t\t\t\t\t\t\t\t<\/div>\n\t\t\t\t<\/div>\n\t\t\t\t\t<\/div>\n\t\t\t\t<\/div>\n\t\t<div class=\"elementor-element elementor-element-c9e5145 e-flex e-con-boxed e-con e-parent\" data-id=\"c9e5145\" data-element_type=\"container\" data-e-type=\"container\">\n\t\t\t\t\t<div class=\"e-con-inner\">\n\t\t\t\t<div class=\"elementor-element elementor-element-4dedb74 elementor-align-center elementor-widget elementor-widget-button\" data-id=\"4dedb74\" data-element_type=\"widget\" data-e-type=\"widget\" data-widget_type=\"button.default\">\n\t\t\t\t<div class=\"elementor-widget-container\">\n\t\t\t\t\t\t\t\t\t<div class=\"elementor-button-wrapper\">\n\t\t\t\t\t<a class=\"elementor-button elementor-button-link elementor-size-sm\" href=\"https:\/\/coursescolombiersoffranville.fr\/wp-content\/uploads\/2025\/06\/2025-Reglement-de-la-Course-des-Colombiers-dOffranville-MaJ-du-29.04.25.pdf\" target=\"_blank\">\n\t\t\t\t\t\t<span class=\"elementor-button-content-wrapper\">\n\t\t\t\t\t\t\t\t\t<span class=\"elementor-button-text\">Consulter le r\u00e8glement<\/span>\n\t\t\t\t\t<\/span>\n\t\t\t\t\t<\/a>\n\t\t\t\t<\/div>\n\t\t\t\t\t\t\t\t<\/div>\n\t\t\t\t<\/div>\n\t\t\t\t\t<\/div>\n\t\t\t\t<\/div>\n\t\t\t\t<\/div>\n\t\t","protected":false},"excerpt":{"rendered":"<p>R\u00e8glement et inscriptions Le RETRAIT des dossards se fait au gymnase, rue de l&rsquo;\u00c9pine le samedi 29 apr\u00e8s-midi de 15h00 \u00e0 18h00 et le dimanche \u00e0 partir de 8h. Les inscriptions se font uniquement sur le site onsinscrit.com accessible \u00e0 partir du site internet de l&rsquo;\u00e9v\u00e8nement\u00a0www.coursescolombiersoffranville.fr. Dates inscriptions : \u2022 COUREURS, MARCHEURS RAPIDES et RANDONNEURS [&hellip;]<\/p>\n","protected":false},"author":1,"featured_media":0,"parent":0,"menu_order":0,"comment_status":"closed","ping_status":"closed","template":"","meta":{"footnotes":""},"class_list":["post-122","page","type-page","status-publish","hentry"],"_links":{"self":[{"href":"https:\/\/coursescolombiersoffranville.fr\/index.php\/wp-json\/wp\/v2\/pages\/122","targetHints":{"allow":["GET"]}}],"collection":[{"href":"https:\/\/coursescolombiersoffranville.fr\/index.php\/wp-json\/wp\/v2\/pages"}],"about":[{"href":"https:\/\/coursescolombiersoffranville.fr\/index.php\/wp-json\/wp\/v2\/types\/page"}],"author":[{"embeddable":true,"href":"https:\/\/coursescolombiersoffranville.fr\/index.php\/wp-json\/wp\/v2\/users\/1"}],"replies":[{"embeddable":true,"href":"https:\/\/coursescolombiersoffranville.fr\/index.php\/wp-json\/wp\/v2\/comments?post=122"}],"version-history":[{"count":72,"href":"https:\/\/coursescolombiersoffranville.fr\/index.php\/wp-json\/wp\/v2\/pages\/122\/revisions"}],"predecessor-version":[{"id":806,"href":"https:\/\/coursescolombiersoffranville.fr\/index.php\/wp-json\/wp\/v2\/pages\/122\/revisions\/806"}],"wp:attachment":[{"href":"https:\/\/coursescolombiersoffranville.fr\/index.php\/wp-json\/wp\/v2\/media?parent=122"}],"curies":[{"name":"wp","href":"https:\/\/api.w.org\/{rel}","templated":true}]}}